{"id":2,"date":"2026-02-18T12:48:19","date_gmt":"2026-02-18T12:48:19","guid":{"rendered":"https:\/\/oci.sandland.de\/?page_id=2"},"modified":"2026-05-08T21:04:09","modified_gmt":"2026-05-08T20:04:09","slug":"sample-page","status":"publish","type":"page","link":"https:\/\/oci.sandland.de\/?page_id=2","title":{"rendered":"Startseite"},"content":{"rendered":"\n<p><strong>Willkommen<br><\/strong>auf der Internetseite der Evangelische Kirchengemeinde Hellershof<\/p>\n\n\n\n<h6 class=\"wp-block-heading\">Sch\u00f6n, dass Sie auf unseren Seiten vorbeischauen. Vielleicht wird ja aus dem \u201evirtuellen\u201c Besuch auch mal ein ganz realer. So oder so: Herzlich Willkommen!<br>Wir sind Christen, die sich bisher am Sonntag zum Gottesdienst und unter der Woche in verschiedenen Gruppen getroffen haben.<\/h6>\n\n\n\n<h6 class=\"wp-block-heading\">Der Glaube an Jesus Christus verbindet und motiviert uns. Die Gemeindearbeit erm\u00f6glicht es Menschen, Gott zu begegnen, in verbindlicher Gemeinschaft zu leben und sich in ihrer Pers\u00f6nlichkeit zu entfalten.<br>Wir m\u00f6chten Menschen einladen, diesen Weg mit uns zu entdecken.<\/h6>\n\n\n\n<p>Unsere <strong>&#8222;Kirchlichen Nachrichten&#8220;<\/strong> (so werden die Wochenpl\u00e4ne in den Mitteilungsbl\u00e4ttern und Zeitungen in der Umgebung genannt) finden Sie unter <strong>Wochenpl\u00e4ne<\/strong>.<\/p>\n","protected":false},"excerpt":{"rendered":"<p>Willkommenauf der Internetseite der Evangelische Kirchengemeinde Hellershof Sch\u00f6n, dass Sie auf unseren Seiten vorbeischauen. Vielleicht wird ja aus dem \u201evirtuellen\u201c Besuch auch mal ein ganz realer. So oder so: Herzlich Willkommen!Wir sind Christen, die sich bisher am Sonntag zum Gottesdienst und unter der Woche in verschiedenen Gruppen getroffen haben. Der Glaube an Jesus Christus verbindet [&hellip;]<\/p>\n","protected":false},"author":1,"featured_media":0,"parent":0,"menu_order":0,"comment_status":"closed","ping_status":"open","template":"","meta":{"footnotes":""},"class_list":["post-2","page","type-page","status-publish","hentry"],"_links":{"self":[{"href":"https:\/\/oci.sandland.de\/index.php?rest_route=\/wp\/v2\/pages\/2","targetHints":{"allow":["GET"]}}],"collection":[{"href":"https:\/\/oci.sandland.de\/index.php?rest_route=\/wp\/v2\/pages"}],"about":[{"href":"https:\/\/oci.sandland.de\/index.php?rest_route=\/wp\/v2\/types\/page"}],"author":[{"embeddable":true,"href":"https:\/\/oci.sandland.de\/index.php?rest_route=\/wp\/v2\/users\/1"}],"replies":[{"embeddable":true,"href":"https:\/\/oci.sandland.de\/index.php?rest_route=%2Fwp%2Fv2%2Fcomments&post=2"}],"version-history":[{"count":1,"href":"https:\/\/oci.sandland.de\/index.php?rest_route=\/wp\/v2\/pages\/2\/revisions"}],"predecessor-version":[{"id":11,"href":"https:\/\/oci.sandland.de\/index.php?rest_route=\/wp\/v2\/pages\/2\/revisions\/11"}],"wp:attachment":[{"href":"https:\/\/oci.sandland.de\/index.php?rest_route=%2Fwp%2Fv2%2Fmedia&parent=2"}],"curies":[{"name":"wp","href":"https:\/\/api.w.org\/{rel}","templated":true}]}}